{"id":6574,"date":"2024-02-19T21:54:04","date_gmt":"2024-02-19T21:54:04","guid":{"rendered":"https:\/\/tedcom.pt\/?page_id=6574"},"modified":"2024-03-17T19:15:09","modified_gmt":"2024-03-17T19:15:09","slug":"portfolio-floene-green-pipeline-project","status":"publish","type":"page","link":"https:\/\/tedcom.pt\/pt\/portfolio-floene-green-pipeline-project\/","title":{"rendered":"Floene | Green Pipeline Project"},"content":{"rendered":"<div data-edgtf-anchor=\"myGallery\" class=\"vc_row wpb_row vc_row-fluid\" ><div class=\"wpb_column vc_column_container vc_col-sm-12\"><div class=\"vc_column-inner\"><div class=\"wpb_wrapper\"><div class=\"edgtf-image-gallery  edgtf-ig-grid-type  edgtf-image-behavior-lightbox\">\n\t<div class=\"edgtf-ig-inner edgtf-ig-grid edgtf-ig-two-columns edgtf-ig-normal-space\">\n\t\t\t\t\t<div class=\"edgtf-ig-image\">\n\t\t\t\t<div class=\"edgtf-ig-image-inner\">\n\t\t\t\t\t\t\t\t\t\t\t<a itemprop=\"image\" class=\"edgtf-ig-lightbox\" href=\"https:\/\/tedcom.pt\/wp-content\/uploads\/2024\/02\/3-12.jpg\" data-rel=\"prettyPhoto[image_gallery_pretty_photo-543]\" title=\"portfolio floene green pipeline project\">\n\t\t\t\t\t\t\t\t\t\t\t<img width=\"1000\" height=\"667\" src=\"https:\/\/tedcom.pt\/wp-content\/uploads\/2024\/02\/3-12.jpg\" class=\"attachment-full size-full\" alt=\"portfolio floene green pipeline project\" loading=\"lazy\" srcset=\"https:\/\/tedcom.pt\/wp-content\/uploads\/2024\/02\/3-12.jpg 1000w, https:\/\/tedcom.pt\/wp-content\/uploads\/2024\/02\/3-12-300x200.jpg 300w, https:\/\/tedcom.pt\/wp-content\/uploads\/2024\/02\/3-12-768x512.jpg 768w\" sizes=\"(max-width: 1000px) 100vw, 1000px\" \/>\t\t\t\t\t\t\t\t\t\t\t<\/a>\n\t\t\t\t\t\t\t\t\t<\/div>\n\t\t\t<\/div>\n\t\t\t\t\t<div class=\"edgtf-ig-image\">\n\t\t\t\t<div class=\"edgtf-ig-image-inner\">\n\t\t\t\t\t\t\t\t\t\t\t<a itemprop=\"image\" class=\"edgtf-ig-lightbox\" href=\"https:\/\/tedcom.pt\/wp-content\/uploads\/2024\/02\/4-11.jpg\" data-rel=\"prettyPhoto[image_gallery_pretty_photo-543]\" title=\"portfolio floene green pipeline project\">\n\t\t\t\t\t\t\t\t\t\t\t<img width=\"1000\" height=\"667\" src=\"https:\/\/tedcom.pt\/wp-content\/uploads\/2024\/02\/4-11.jpg\" class=\"attachment-full size-full\" alt=\"portfolio floene green pipeline project\" loading=\"lazy\" srcset=\"https:\/\/tedcom.pt\/wp-content\/uploads\/2024\/02\/4-11.jpg 1000w, https:\/\/tedcom.pt\/wp-content\/uploads\/2024\/02\/4-11-300x200.jpg 300w, https:\/\/tedcom.pt\/wp-content\/uploads\/2024\/02\/4-11-768x512.jpg 768w\" sizes=\"(max-width: 1000px) 100vw, 1000px\" \/>\t\t\t\t\t\t\t\t\t\t\t<\/a>\n\t\t\t\t\t\t\t\t\t<\/div>\n\t\t\t<\/div>\n\t\t\t<\/div>\n<\/div><div class=\"vc_empty_space\"\n\t  style=\"height: 50px\"><span class=\"vc_empty_space_inner\"><\/span><\/div>\n<\/div><\/div><\/div><\/div><div class=\"vc_row wpb_row vc_row-fluid vc_custom_1699644356136 vc_row-has-fill\" ><div class=\"wpb_column vc_column_container vc_col-sm-12\"><div class=\"vc_column-inner\"><div class=\"wpb_wrapper\"><div class=\"edgtf-elements-holder   edgtf-one-column  edgtf-responsive-mode-768 \" ><div class=\"edgtf-eh-item    \"  data-item-class=\"edgtf-eh-custom-7931\">\n\t<div class=\"edgtf-eh-item-inner\">\n\t\t<div class=\"edgtf-eh-item-content edgtf-eh-custom-7931\" style=\"padding: 6.45% 12% 5% 7.22%\">\n\t\t\t<h2 class=\"edgtf-custom-font-holder  edgtf-cf-8991\" style=\"font-family: Montserrat;font-size: 40px;font-weight: 600;text-align: left;color: #000000\" data-item-class=\"edgtf-cf-8991\" data-font-size-1280=\"65px\" data-font-size-1024=\"65px\" data-font-size-768=\"55px\" data-font-size-680=\"43px\" data-line-height-1280=\"-.02em\" data-line-height-1024=\"-.02em\" data-line-height-768=\"-.02em\" data-line-height-680=\"-.02em\">\n<span class=\"edgtf-cf-label\">Services:<\/span>\n\t<\/h2>\n\t<div class=\"wpb_text_column wpb_content_element \" >\n\t\t<div class=\"wpb_wrapper\">\n\t\t\t<ul>\n<li>Registration platform<\/li>\n<li>Audiovisuals<\/li>\n<li>Catering<\/li>\n<li>Hostesses<\/li>\n<\/ul>\n\n\t\t<\/div>\n\t<\/div>\n\t\t<\/div>\n\t<\/div>\n<\/div><\/div><\/div><\/div><\/div><\/div><div data-edgtf-anchor=\"myGallery\" class=\"vc_row wpb_row vc_row-fluid\" ><div class=\"wpb_column vc_column_container vc_col-sm-12\"><div class=\"vc_column-inner\"><div class=\"wpb_wrapper\"><div class=\"edgtf-image-gallery  edgtf-ig-grid-type  edgtf-image-behavior-lightbox\">\n\t<div class=\"edgtf-ig-inner edgtf-ig-grid edgtf-ig-two-columns edgtf-ig-normal-space\">\n\t\t\t\t\t<div class=\"edgtf-ig-image\">\n\t\t\t\t<div class=\"edgtf-ig-image-inner\">\n\t\t\t\t\t\t\t\t\t\t\t<a itemprop=\"image\" class=\"edgtf-ig-lightbox\" href=\"https:\/\/tedcom.pt\/wp-content\/uploads\/2024\/02\/2-12.jpg\" data-rel=\"prettyPhoto[image_gallery_pretty_photo-564]\" title=\"portfolio floene green pipeline project\">\n\t\t\t\t\t\t\t\t\t\t\t<img width=\"1000\" height=\"667\" src=\"https:\/\/tedcom.pt\/wp-content\/uploads\/2024\/02\/2-12.jpg\" class=\"attachment-full size-full\" alt=\"portfolio floene green pipeline project\" loading=\"lazy\" srcset=\"https:\/\/tedcom.pt\/wp-content\/uploads\/2024\/02\/2-12.jpg 1000w, https:\/\/tedcom.pt\/wp-content\/uploads\/2024\/02\/2-12-300x200.jpg 300w, https:\/\/tedcom.pt\/wp-content\/uploads\/2024\/02\/2-12-768x512.jpg 768w\" sizes=\"(max-width: 1000px) 100vw, 1000px\" \/>\t\t\t\t\t\t\t\t\t\t\t<\/a>\n\t\t\t\t\t\t\t\t\t<\/div>\n\t\t\t<\/div>\n\t\t\t\t\t<div class=\"edgtf-ig-image\">\n\t\t\t\t<div class=\"edgtf-ig-image-inner\">\n\t\t\t\t\t\t\t\t\t\t\t<a itemprop=\"image\" class=\"edgtf-ig-lightbox\" href=\"https:\/\/tedcom.pt\/wp-content\/uploads\/2024\/02\/1-12.jpg\" data-rel=\"prettyPhoto[image_gallery_pretty_photo-564]\" title=\"portfolio floene green pipeline project\">\n\t\t\t\t\t\t\t\t\t\t\t<img width=\"1000\" height=\"667\" src=\"https:\/\/tedcom.pt\/wp-content\/uploads\/2024\/02\/1-12.jpg\" class=\"attachment-full size-full\" alt=\"portfolio floene green pipeline project\" loading=\"lazy\" srcset=\"https:\/\/tedcom.pt\/wp-content\/uploads\/2024\/02\/1-12.jpg 1000w, https:\/\/tedcom.pt\/wp-content\/uploads\/2024\/02\/1-12-300x200.jpg 300w, https:\/\/tedcom.pt\/wp-content\/uploads\/2024\/02\/1-12-768x512.jpg 768w\" sizes=\"(max-width: 1000px) 100vw, 1000px\" \/>\t\t\t\t\t\t\t\t\t\t\t<\/a>\n\t\t\t\t\t\t\t\t\t<\/div>\n\t\t\t<\/div>\n\t\t\t<\/div>\n<\/div><div class=\"vc_empty_space\"\n\t  style=\"height: 50px\"><span class=\"vc_empty_space_inner\"><\/span><\/div>\n<\/div><\/div><\/div><\/div><div data-edgtf-anchor=\"myGallery\" class=\"vc_row wpb_row vc_row-fluid\" ><div class=\"wpb_column vc_column_container vc_col-sm-12\"><div class=\"vc_column-inner\"><div class=\"wpb_wrapper\"><div class=\"edgtf-image-gallery  edgtf-ig-carousel-type  edgtf-image-behavior-lightbox\">\n\t<div class=\"edgtf-ig-slider edgtf-owl-slider\" data-number-of-items=\"1\" data-enable-loop=\"yes\" data-enable-autoplay=\"yes\" data-slider-speed=\"5000\" data-slider-speed-animation=\"600\" data-slider-margin=\"60\" data-slider-padding=\"no\" data-enable-navigation=\"no\" data-enable-pagination=\"no\">\n\t\t\t\t\t<div class=\"edgtf-ig-image\">\n\t\t\t\t\t\t\t\t\t<a itemprop=\"image\" class=\"edgtf-ig-lightbox edgtf-block-drag-link\" href=\"https:\/\/tedcom.pt\/wp-content\/uploads\/2024\/02\/Floene-export-site.jpg\" data-rel=\"prettyPhoto[image_gallery_pretty_photo-961]\" title=\"Floene-export-site\">\n\t\t\t\t\t\t\t\t\t<img width=\"1000\" height=\"667\" src=\"https:\/\/tedcom.pt\/wp-content\/uploads\/2024\/02\/Floene-export-site.jpg\" class=\"attachment-full size-full\" alt=\"portfolio floene green pipeline project\" loading=\"lazy\" srcset=\"https:\/\/tedcom.pt\/wp-content\/uploads\/2024\/02\/Floene-export-site.jpg 1000w, https:\/\/tedcom.pt\/wp-content\/uploads\/2024\/02\/Floene-export-site-300x200.jpg 300w, https:\/\/tedcom.pt\/wp-content\/uploads\/2024\/02\/Floene-export-site-768x512.jpg 768w\" sizes=\"(max-width: 1000px) 100vw, 1000px\" \/>\t\t\t\t\t\t\t\t\t<\/a>\n\t\t\t\t\t\t\t<\/div>\n\t\t\t<\/div>\n<\/div><div class=\"vc_empty_space\"\n\t  style=\"height: 50px\"><span class=\"vc_empty_space_inner\"><\/span><\/div>\n<\/div><\/div><\/div><\/div><div class=\"vc_row wpb_row vc_row-fluid vc_custom_1498638182270\" ><div class=\"wpb_column vc_column_container vc_col-sm-12\"><div class=\"vc_column-inner\"><div class=\"wpb_wrapper\"><h2 class=\"edgtf-custom-font-holder  edgtf-cf-3072\" style=\"font-family: Montserrat;font-size: 40px;font-weight: 600;text-align: left;color: #000000\" data-item-class=\"edgtf-cf-3072\" data-font-size-1280=\"65px\" data-font-size-1024=\"65px\" data-font-size-768=\"55px\" data-font-size-680=\"43px\" data-line-height-1280=\"-.02em\" data-line-height-1024=\"-.02em\" data-line-height-768=\"-.02em\" data-line-height-680=\"-.02em\">\n<span class=\"edgtf-cf-label\">Other events and projects:<\/span>\n\t<\/h2><div class=\"edgtf-separator-holder clearfix  edgtf-separator-center \">\n\t<div class=\"edgtf-separator\" style=\"width: 100%;border-bottom-width: 0px;margin-top: 0px;margin-bottom: 8%\"><\/div>\n<\/div>\n\n<div class=\"edgtf-expanded-gallery   edgtf-eg-three\">\n\t<div class=\"edgtf-eg-inner\">\n\t\t\t\t\t<div class=\"edgtf-eg-image\">\n\t\t\t\t\t\t\t\t\t<a itemprop=\"url\" class=\"edgtf-eg-link\" href=\"https:\/\/tedcom.pt\/portfolio-2023-2024-2\/\" title=\"portfolio festa verao miniclip 2022\" target=\"_blank\">\n\t\t\t\t\t\t\t\t\t<img width=\"1000\" height=\"667\" src=\"https:\/\/tedcom.pt\/wp-content\/uploads\/2024\/02\/2-9.jpg\" class=\"attachment-full size-full\" alt=\"portfolio festa verao miniclip 2022\" loading=\"lazy\" srcset=\"https:\/\/tedcom.pt\/wp-content\/uploads\/2024\/02\/2-9.jpg 1000w, https:\/\/tedcom.pt\/wp-content\/uploads\/2024\/02\/2-9-300x200.jpg 300w, https:\/\/tedcom.pt\/wp-content\/uploads\/2024\/02\/2-9-768x512.jpg 768w\" sizes=\"(max-width: 1000px) 100vw, 1000px\" \/>\t\t\t\t\t\t\t\t\t<\/a>\n\t\t\t\t\t\t\t<\/div>\n\t\t\t\t\t<div class=\"edgtf-eg-image\">\n\t\t\t\t\t\t\t\t\t<a itemprop=\"url\" class=\"edgtf-eg-link\" href=\"https:\/\/tedcom.pt\/portfolio-2023-2024-2\/\" title=\"bimby congresso nacional 2019\" target=\"_blank\">\n\t\t\t\t\t\t\t\t\t<img width=\"1000\" height=\"667\" src=\"https:\/\/tedcom.pt\/wp-content\/uploads\/2024\/02\/2-8.jpg\" class=\"attachment-full size-full\" alt=\"bimby congresso nacional 2019\" loading=\"lazy\" srcset=\"https:\/\/tedcom.pt\/wp-content\/uploads\/2024\/02\/2-8.jpg 1000w, https:\/\/tedcom.pt\/wp-content\/uploads\/2024\/02\/2-8-300x200.jpg 300w, https:\/\/tedcom.pt\/wp-content\/uploads\/2024\/02\/2-8-768x512.jpg 768w\" sizes=\"(max-width: 1000px) 100vw, 1000px\" \/>\t\t\t\t\t\t\t\t\t<\/a>\n\t\t\t\t\t\t\t<\/div>\n\t\t\t\t\t<div class=\"edgtf-eg-image\">\n\t\t\t\t\t\t\t\t\t<a itemprop=\"url\" class=\"edgtf-eg-link\" href=\"https:\/\/tedcom.pt\/portfolio-2023-2024-2\/\" title=\"portfolio zurich congresso agente principal 2022\" target=\"_blank\">\n\t\t\t\t\t\t\t\t\t<img width=\"1000\" height=\"667\" src=\"https:\/\/tedcom.pt\/wp-content\/uploads\/2024\/02\/4-6.jpg\" class=\"attachment-full size-full\" alt=\"portfolio zurich congresso agente principal 2022\" loading=\"lazy\" srcset=\"https:\/\/tedcom.pt\/wp-content\/uploads\/2024\/02\/4-6.jpg 1000w, https:\/\/tedcom.pt\/wp-content\/uploads\/2024\/02\/4-6-300x200.jpg 300w, https:\/\/tedcom.pt\/wp-content\/uploads\/2024\/02\/4-6-768x512.jpg 768w\" sizes=\"(max-width: 1000px) 100vw, 1000px\" \/>\t\t\t\t\t\t\t\t\t<\/a>\n\t\t\t\t\t\t\t<\/div>\n\t\t\t<\/div>\n<\/div><\/div><\/div><\/div><\/div>\n","protected":false},"excerpt":{"rendered":"Services: Registration platform Audiovisuals Catering Hostesses Other events and projects:","protected":false},"author":1,"featured_media":0,"parent":0,"menu_order":0,"comment_status":"closed","ping_status":"closed","template":"full-width.php","meta":{"inline_featured_image":false,"_themeisle_gutenberg_block_has_review":false},"yoast_head":"<!-- This site is optimized with the Yoast SEO plugin v17.3 - https:\/\/yoast.com\/wordpress\/plugins\/seo\/ -->\n<title>Floene | Green Pipeline Project - TEDCOM<\/title>\n<meta name=\"description\" content=\"A Tedcom \u2013 events communication \u00e9 a nova marca de uma ag\u00eancia de comunica\u00e7\u00e3o, eventos e design que conta com o know-how e experi\u00eancia de mais de 20 anos.\" \/>\n<meta name=\"robots\" content=\"index, follow, max-snippet:-1, max-image-preview:large, max-video-preview:-1\" \/>\n<link rel=\"canonical\" href=\"https:\/\/tedcom.pt\/pt\/portfolio-floene-green-pipeline-project\/\" \/>\n<meta property=\"og:locale\" content=\"pt_PT\" \/>\n<meta property=\"og:type\" content=\"article\" \/>\n<meta property=\"og:title\" content=\"Floene | Green Pipeline Project - TEDCOM\" \/>\n<meta property=\"og:description\" content=\"A Tedcom \u2013 events communication \u00e9 a nova marca de uma ag\u00eancia de comunica\u00e7\u00e3o, eventos e design que conta com o know-how e experi\u00eancia de mais de 20 anos.\" \/>\n<meta property=\"og:url\" content=\"https:\/\/tedcom.pt\/pt\/portfolio-floene-green-pipeline-project\/\" \/>\n<meta property=\"og:site_name\" content=\"TEDCOM\" \/>\n<meta property=\"article:modified_time\" content=\"2024-03-17T19:15:09+00:00\" \/>\n<meta name=\"twitter:card\" content=\"summary_large_image\" \/>\n<meta name=\"twitter:label1\" content=\"Tempo estimado de leitura\" \/>\n\t<meta name=\"twitter:data1\" content=\"1 minuto\" \/>\n<script type=\"application\/ld+json\" class=\"yoast-schema-graph\">{\"@context\":\"https:\/\/schema.org\",\"@graph\":[{\"@type\":\"WebSite\",\"@id\":\"https:\/\/tedcom.pt\/#website\",\"url\":\"https:\/\/tedcom.pt\/\",\"name\":\"TEDCOM\",\"description\":\"Events Communication\",\"potentialAction\":[{\"@type\":\"SearchAction\",\"target\":{\"@type\":\"EntryPoint\",\"urlTemplate\":\"https:\/\/tedcom.pt\/?s={search_term_string}\"},\"query-input\":\"required name=search_term_string\"}],\"inLanguage\":\"pt-PT\"},{\"@type\":\"WebPage\",\"@id\":\"https:\/\/tedcom.pt\/portfolio-floene-green-pipeline-project\/#webpage\",\"url\":\"https:\/\/tedcom.pt\/portfolio-floene-green-pipeline-project\/\",\"name\":\"Floene | Green Pipeline Project - TEDCOM\",\"isPartOf\":{\"@id\":\"https:\/\/tedcom.pt\/#website\"},\"datePublished\":\"2024-02-19T21:54:04+00:00\",\"dateModified\":\"2024-03-17T19:15:09+00:00\",\"description\":\"A Tedcom \\u2013 events communication \\u00e9 a nova marca de uma ag\\u00eancia de comunica\\u00e7\\u00e3o, eventos e design que conta com o know-how e experi\\u00eancia de mais de 20 anos.\",\"breadcrumb\":{\"@id\":\"https:\/\/tedcom.pt\/portfolio-floene-green-pipeline-project\/#breadcrumb\"},\"inLanguage\":\"pt-PT\",\"potentialAction\":[{\"@type\":\"ReadAction\",\"target\":[\"https:\/\/tedcom.pt\/portfolio-floene-green-pipeline-project\/\"]}]},{\"@type\":\"BreadcrumbList\",\"@id\":\"https:\/\/tedcom.pt\/portfolio-floene-green-pipeline-project\/#breadcrumb\",\"itemListElement\":[{\"@type\":\"ListItem\",\"position\":1,\"name\":\"Home\",\"item\":\"https:\/\/tedcom.pt\/\"},{\"@type\":\"ListItem\",\"position\":2,\"name\":\"Floene | Green Pipeline Project\"}]}]}<\/script>\n<!-- \/ Yoast SEO plugin. -->","yoast_head_json":{"title":"Floene | Green Pipeline Project - TEDCOM","description":"A Tedcom \u2013 events communication \u00e9 a nova marca de uma ag\u00eancia de comunica\u00e7\u00e3o, eventos e design que conta com o know-how e experi\u00eancia de mais de 20 anos.","robots":{"index":"index","follow":"follow","max-snippet":"max-snippet:-1","max-image-preview":"max-image-preview:large","max-video-preview":"max-video-preview:-1"},"canonical":"https:\/\/tedcom.pt\/pt\/portfolio-floene-green-pipeline-project\/","og_locale":"pt_PT","og_type":"article","og_title":"Floene | Green Pipeline Project - TEDCOM","og_description":"A Tedcom \u2013 events communication \u00e9 a nova marca de uma ag\u00eancia de comunica\u00e7\u00e3o, eventos e design que conta com o know-how e experi\u00eancia de mais de 20 anos.","og_url":"https:\/\/tedcom.pt\/pt\/portfolio-floene-green-pipeline-project\/","og_site_name":"TEDCOM","article_modified_time":"2024-03-17T19:15:09+00:00","twitter_card":"summary_large_image","twitter_misc":{"Tempo estimado de leitura":"1 minuto"},"schema":{"@context":"https:\/\/schema.org","@graph":[{"@type":"WebSite","@id":"https:\/\/tedcom.pt\/#website","url":"https:\/\/tedcom.pt\/","name":"TEDCOM","description":"Events Communication","potentialAction":[{"@type":"SearchAction","target":{"@type":"EntryPoint","urlTemplate":"https:\/\/tedcom.pt\/?s={search_term_string}"},"query-input":"required name=search_term_string"}],"inLanguage":"pt-PT"},{"@type":"WebPage","@id":"https:\/\/tedcom.pt\/portfolio-floene-green-pipeline-project\/#webpage","url":"https:\/\/tedcom.pt\/portfolio-floene-green-pipeline-project\/","name":"Floene | Green Pipeline Project - TEDCOM","isPartOf":{"@id":"https:\/\/tedcom.pt\/#website"},"datePublished":"2024-02-19T21:54:04+00:00","dateModified":"2024-03-17T19:15:09+00:00","description":"A Tedcom \u2013 events communication \u00e9 a nova marca de uma ag\u00eancia de comunica\u00e7\u00e3o, eventos e design que conta com o know-how e experi\u00eancia de mais de 20 anos.","breadcrumb":{"@id":"https:\/\/tedcom.pt\/portfolio-floene-green-pipeline-project\/#breadcrumb"},"inLanguage":"pt-PT","potentialAction":[{"@type":"ReadAction","target":["https:\/\/tedcom.pt\/portfolio-floene-green-pipeline-project\/"]}]},{"@type":"BreadcrumbList","@id":"https:\/\/tedcom.pt\/portfolio-floene-green-pipeline-project\/#breadcrumb","itemListElement":[{"@type":"ListItem","position":1,"name":"Home","item":"https:\/\/tedcom.pt\/"},{"@type":"ListItem","position":2,"name":"Floene | Green Pipeline Project"}]}]}},"_links":{"self":[{"href":"https:\/\/tedcom.pt\/pt\/wp-json\/wp\/v2\/pages\/6574"}],"collection":[{"href":"https:\/\/tedcom.pt\/pt\/wp-json\/wp\/v2\/pages"}],"about":[{"href":"https:\/\/tedcom.pt\/pt\/wp-json\/wp\/v2\/types\/page"}],"author":[{"embeddable":true,"href":"https:\/\/tedcom.pt\/pt\/wp-json\/wp\/v2\/users\/1"}],"replies":[{"embeddable":true,"href":"https:\/\/tedcom.pt\/pt\/wp-json\/wp\/v2\/comments?post=6574"}],"version-history":[{"count":7,"href":"https:\/\/tedcom.pt\/pt\/wp-json\/wp\/v2\/pages\/6574\/revisions"}],"predecessor-version":[{"id":6723,"href":"https:\/\/tedcom.pt\/pt\/wp-json\/wp\/v2\/pages\/6574\/revisions\/6723"}],"wp:attachment":[{"href":"https:\/\/tedcom.pt\/pt\/wp-json\/wp\/v2\/media?parent=6574"}],"curies":[{"name":"wp","href":"https:\/\/api.w.org\/{rel}","templated":true}]}}